{"id":176,"date":"2022-10-21T20:29:16","date_gmt":"2022-10-21T20:29:16","guid":{"rendered":"https:\/\/littleshoppingcart.com\/?page_id=176"},"modified":"2022-10-28T17:59:24","modified_gmt":"2022-10-28T17:59:24","slug":"terminos-y-condiciones","status":"publish","type":"page","link":"https:\/\/littleshoppingcart.com\/en\/terms-and-conditions\/","title":{"rendered":"Terms &amp; Conditions"},"content":{"rendered":"<style>\/*! elementor - v3.7.8 - 02-10-2022 *\/<br \/>\n.elementor-column .elementor-spacer-inner{height:var(--spacer-size)}.e-container{--container-widget-width:100%}.e-container>.elementor-widget-spacer{width:var(--container-widget-width,var(--spacer-size));-ms-flex-item-align:stretch;align-self:stretch;-ms-flex-negative:0;flex-shrink:0}.e-container>.elementor-widget-spacer>.elementor-widget-container,.e-container>.elementor-widget-spacer>.elementor-widget-container>.elementor-spacer{height:100%}.e-container>.elementor-widget-spacer>.elementor-widget-container>.elementor-spacer>.elementor-spacer-inner{height:var(--container-widget-height,var(--spacer-size))}<\/style>\n<style>\/*! elementor - v3.7.8 - 02-10-2022 *\/<br \/>\n.elementor-heading-title{padding:0;margin:0;line-height:1}.elementor-widget-heading .elementor-heading-title[class*=elementor-size-]>a{color:inherit;font-size:inherit;line-height:inherit}.elementor-widget-heading .elementor-heading-title.elementor-size-small{font-size:15px}.elementor-widget-heading .elementor-heading-title.elementor-size-medium{font-size:19px}.elementor-widget-heading .elementor-heading-title.elementor-size-large{font-size:29px}.elementor-widget-heading .elementor-heading-title.elementor-size-xl{font-size:39px}.elementor-widget-heading .elementor-heading-title.elementor-size-xxl{font-size:59px}<\/style>\n<h2>TERMS &amp; CONDITIONS<\/h2>\n<p>I have read and accept the littleshoppingcart.com<\/p>\n<p>When you enter, browse or make any transaction in The Company Website Little Shopping Cart\n(www.littleshoppingcart.com, or any of the derived URLs), hereinafter the \u201cWebsite,\u201d you agree to\ncomply with the Terms and Conditions, without any limitation or objection. Some services or other\noffers published in this Site may have additional terms and conditions, which can be read in the\npages or banners containing such services or offers or by any link in such pages or other addresses\nrelated to such additional terms and conditions. If you do not agree the Terms and Conditions, our\nsuggestion is to avoid any activity in the Site.<\/p>\n<p>Site Operator<\/p>\n<p>This Site is operated by Little Shopping Cart (hereinafter \u201cThe Company\u201d), a corporation legally\nincorporated under the laws of Mexico, its federal taxpayer registration number is : RAP160517J94,\nwith address at Homero 229 Master Suite 4 Privado 1 Polanco V Secci\u00f3n Miguel Hidalgo, Ciudad de\nM\u00e9xico.<\/p>\n<p>Disclaimer<\/p>\n<p>The Website and its content are provided \u201cas is\u201d and \u201cas available\u201d without granting any type of\nwarranties; thus, the information provided by LITTLE SHOPPING CART herein only intends to be a\nguide. We make great efforts to keep updated the content; however, LITTLE SHOPPING CART makes\nno warranty that the information and services showed herein are updated, complete, entire or\naccurate nor that the Website will operate without interruptions or free of errors. The Company\nspecifically disclaims all warranties, express or implied, including but not limited to warranties of\ntitle, merchantability or fitness for a particular purpose, to the full extent permissible by the\napplicable laws.<\/p>\n<p>Limitation of Liability<\/p>\n<p>Any interaction between You and the Website is at your own decision and risk. Neither LITTLE\nSHOPPING CART nor any of its employees, responsible parties, strategic allies, suppliers or any party\ninvolved in the creation, maintenance or attention to the Website shall be responsible for any direct,\nindirect or derived damage or any other damages resulting from the use of, or inability to use the\nWebsite, including damages resulting from error, incomplete information, product efficiency or\nvirus. LITTLE SHOPPING CART reserves the right, at its entire discretion, to revoke, change, or\neliminate at any time any offering of products in this Website, as it deems advisable. LITTLE\nSHOPPING CART shall constitute a guarantee. LITTLE SHOPPING CART is not responsible under any\ncircumstances for direct, indirect, incidental, special or consequential damages arising from the use\nor inability to use the Website by you, including without limitation that you rely upon any\n\ninformation obtained from different sections of the Website that become errors, omissions,\ninterruptions, suppressions or corruption of files, virus, delay in operations or transmissions or any\nother breach. The foregoing limitation of liability shall apply in case of exercising any action arising\nfrom the agreement, for negligence or any other responsibility, including when an authorized\nadvisor of LITTLE SHOPPING CART has been advised on or should be aware of the possibility of such\ndamages. This paragraph shall apply to all the content, products and services offered by any\nWebsite of The Company.<\/p>\n<p>Links of Third Parties<\/p>\n<p>To improve the experience of the user is possible that some features provide links to other\nWebsites, which management, ownership and control are in charge of third parties. Such sites have\nindependent Privacy Policies and Terms and Conditions, so they are beyond the control of The\nCompany. Thus, the visit and access to such other Websites are under Your full responsibility.<\/p>\n<p>Content Restriction<\/p>\n<p>You agree not to publish, distribute or transfer any content that: (i) is unlawful, harassing,\ndefamatory, abusive, threatening, obscene, fraudulent, calumnious or invasive of the privacy of the\nother party or of the data controllers of Website; (ii) breaches or infringes copyrights, trademarks,\nindustrial secrets, patents or other intellectual property rights of any of the parties, including but not\nlimited to the use of third parties\u2019 materials protected under the copyright law without the relevant\npermission, use of trademarks of third parties without the relevant authorization or permit and use\nor distribution of information of third parties protected or not as industrial secret against any\nconfidentiality obligation; (iii) contain personal data of underage persons without the supervision of\ntheir parent or guardian or (iv) contains sensitive personal data of other individual, without the\nauthorization of such individual. If the data controllers of the Website discover any of the above-\nmentioned events, they reserve the right to restrict the access of the user who has committed such\nevent.<\/p>\n<p>Unlawful Behavior<\/p>\n<p>You agree not to: (i) use the Website of The Company for any unlawful purpose, against the\napplicable Mexican laws and any other statutory regulation; (ii) publish Web pages containing links\nthat downloads material infringing the intellectual property or that is an unlawful act; (iii)\nelectronically intimate or harass any other person; (iv) participate in any activity of Internet that\nbreaches the privacy rights of other persons, (v) commit or try to commit any fraud in any\ntransaction made in the Website or towards other users. If the data controllers of the Website\ndiscover any of the above-mentioned defaults, they reserve the right to restrict the access of the\nuser that has committed such default.<\/p>\n<p>Age Restrictions<\/p>\n<p>The target market of LITTLE SHOPPING CART is for all ages; however, regarding the use of the\nWebsite, it is restricted the access to persons of 18 years or over. Users under 18 years may only\naccess the Website under the supervision of their parent or guardian. The underage persons do not\nhave powers to establish an account by themselves or make any money transaction on the Website\nor by telephone. Also, The Company shall not be responsible for any false data that may be\nprovided by any contact mean.<\/p>\n<p>Purchase Conditions<\/p>\n<p>You may only purchase products: (i) that are available for their sale and which details appear on the\nCompany online store; (ii) with delivery in Mexico to the zip codes authorized by the logistic\nproviders, and (iii) for personal use, either for yourself or third parties for whom products are\npurchased. Also, The Company reserves the right to reject, at its entire discretion, any purchase\norder (\u201cPO\u201d) (e.g. for suspicion of fraud or in case that the product cannot be supplied or any error in\nthe system has occurred).<\/p>\n<p>The company also reserves the right to reject, in its sole discretion, any purchase order (PO) (for\nexample, suspected fraud or if the product cannot be supplied or there was an error in the system).<\/p>\n<p>Details of the products available for purchase ( including their price ) are specified on the site. The\nCompany will take all necessary and reasonable measures to ensure that the details , descriptions\nand prices of the products in the online store are correct measurements ; However, it is important to\nnote that this type of details, descriptions and prices are subject to change without notice . The\nCompany does not agree to match or maintain the same prices , promotions, discounts or purchase\nconditions that remain in the groups stores or department stores where the brand is marketed . But\nwe will try by all means in our power to maintain the Web as current as possible , the information\nspecified in the particular time may not always reflect the exact situation when placing your order .<\/p>\n<p>Once you have selected the products to be acquired , these devices are in the shopping cart . When\nyou have chosen all the products you need , you click the \u201cPay\u201d button to access the summary page\nof the PO in which can identify and correct errors of information: it is also the only stage where\napplicable for any promotional coupon you may have.<\/p>\n<p>At the end of the summary page of the PO, You must click the bottom \u201cPay Now\u201d and then fill out\nthe respective data and send it to the shipment address of the PO and then click the bottom\n\u201cContinue.\u201d<\/p>\n<p>After you click said button, different payment options of the Website will be displayed so that You\ncan choose the most advisable option for You. Then, You will click the bottom \u201cPay now\u201d and we\nwill obtain an authorization from you credit or debit card company for the amount stated in the\nsummary page of the PO. Based on the type of payment You have chosen and the payment\ninformation being received, The Company reserves the right to validate the authenticity of the\npayment and request additional documents (such as: official identification of the user and\/or holder\nof the credit or debit card, document evidencing address, acceptance letter and\/or\nacknowledgement of the charge). If your credit card is rejected, the order will not be processed. You\nacknowledge and accept to pay The Company the total amount of the products prior receiving the\nsame.<\/p>\n<p>E-MAILS<\/p>\n<p>Depending on the type of payment you have chosen and Payment Information Received, the\nCompany reserves the right to validate the authenticity of payment and request documents\nADDITIONAL (Official identification of the user and\/or the holder of a Credit Card or Debit Card ,\ndocument in the record Directorate, letter of acceptance and\/or recognition of the charge). If your\ncredit card is rejected, the order will not be processed. You acknowledge and agree to pay to the\nCompany the total amount of the products before receiving it.<\/p>\n<p>The Company shall send you a second email to accept your order for products and confirming that\nthe products have been sent to you.<\/p>\n<p>Orders that are impossible to fill or are incomplete<\/p>\n<p>The Company may you reject, at its sole discretion, any order, or may not be able to carry out the\nnormal process, in the following cases, including but not limited to: (i) when the product you\nrequested is not manufactured more; (Ii) when the credit or debit does not authorize the payment\nof the purchase price, or (iii) where the product does not meet the standards placing POs are\nspecified in the terms and conditions.<\/p>\n<p>If after the order is placed and this PO without error caused the cancellation of it and was accepted\nyour payment, but the company realizes that it cannot provide all or some of the products described\nin the PO, the Company -mail will be notified by mail and will also offer one or more products, either\nof another color or replace the one that is not available . If you do not want to take the option, you\nshall be entitled to seek reimbursement of the portion of the product (s) is missing.<\/p>\n<p>Deliveries<\/p>\n<p>The Company will deliver your order at the address found in Mexico or USA has appointed or\nintroduced during the process. The Company may only deliver your order in a direction that\ncoincides with postcodes home or office that has contracted logistics operator. The Company will\nsend your PO, and deliveries are made \u200b\u200bonly, on business days, so no order will be delivered on\nweekends or holidays unless banks are officially opened in Mexico (this connotation of \u201cbusiness\nday\u201d or \u201cbusiness days\u201d is used in this document when referenced is made \u200b\u200bto these terms). Delivery\ntimes may vary depending on the services available for your region.<\/p>\n<p>Delivery times are intended to be a guide and, therefore , not considered strict deadlines. Having\nexceeded the deadline will not be entitled to receive any compensation. You agree to track your\norder through the tracking number provided by the Company, in order to ensure delivery and verify\nthat there are no complications or misinterpretation of delivery.<\/p>\n<p>In accordance with the relevant agreement, the logistics provider has to take three (3) delivery\nattempts. For each failed attempt, the logistics provider must leave a delivery notice at the client\u2019s\nhome. The Company shall not be responsible for any delay in delivery of the product during the\nthree attempts. You are responsible for verifying that someone is at the address designated for\nreceipt of the purchase order.<\/p>\n<p>The products will only be shipped to the address provided on the Website . adjustments will be\nmade only in the delivery address if that address not be properly provided and only for minor\ncorrections within the same ZIP code<\/p>\n<p>Any use that represents an abuse, breach or wrongful act of the Terms and Conditions by the user\nthat becomes the knowledge of the company and\/or its data drivers can cause the termination of\nthe relationship and is at the sole discretion of LITTLE SHOPPING CART to prohibit such action, and, if\nnecessary, submit legal action to the fullest extent permitted by applicable law.<\/p>\n<p>Changes to the Terms &amp; Conditions<\/p>\n<p>The Company reserves the right to change, add, delete or change, at any time and without notice,\nthese Terms and Conditions, as deemed appropriate. Therefore, you need to carefully check each\ntime you visit the Website or make any transaction.<\/p>\n<p>Payment method<\/p>\n<p>Credit and debit cards. You can pay by credit card VISA, MASTERCARD, Discover Network and\nAmerican Express through Little Shopping Cart. This will notify us by e-mail when you have made\n\nyour payment. From the notification, in a period of no more than 48 hours, your payment will be\nvalidated to start processing your order.<\/p>\n<p>Contact<\/p>\n<p>If you have any questions or comments regarding the above terms and conditions, please contact us\nthrough the following e- mail: <a href=\"mailto:support@littleshoppingcart.com\">support@littleshoppingcart.com<\/a>.<\/p>\n<p>Phone Number 1 800 685 6409<\/p>\n<p>Location Av. Homero # 229, Master Suite 4 Priv. 1, Col. Polanco V Section<\/p>","protected":false},"excerpt":{"rendered":"<p>T\u00c9RMINOS Y CONDICIONES He le\u00eddo y acepto el littleshoppingcart.com Cuando ingresa, navega o realiza cualquier transacci\u00f3n en el Little Shopping Cart del sitio web de la Compa\u00f1\u00eda (www.littleshoppingcart.com, o cualquiera de las URL derivadas) en lo sucesivo, el &#8220;Sitio web&#8221;, acepta cumplir con los T\u00e9rminos y condiciones, sin ninguna limitaci\u00f3n u objeci\u00f3n. Algunos servicios u [&hellip;]<\/p>","protected":false},"author":3,"featured_media":0,"parent":0,"menu_order":0,"comment_status":"closed","ping_status":"closed","template":"elementor_header_footer","meta":{"footnotes":""},"class_list":["post-176","page","type-page","status-publish","hentry"],"_links":{"self":[{"href":"https:\/\/littleshoppingcart.com\/en\/wp-json\/wp\/v2\/pages\/176","targetHints":{"allow":["GET"]}}],"collection":[{"href":"https:\/\/littleshoppingcart.com\/en\/wp-json\/wp\/v2\/pages"}],"about":[{"href":"https:\/\/littleshoppingcart.com\/en\/wp-json\/wp\/v2\/types\/page"}],"author":[{"embeddable":true,"href":"https:\/\/littleshoppingcart.com\/en\/wp-json\/wp\/v2\/users\/3"}],"replies":[{"embeddable":true,"href":"https:\/\/littleshoppingcart.com\/en\/wp-json\/wp\/v2\/comments?post=176"}],"version-history":[{"count":23,"href":"https:\/\/littleshoppingcart.com\/en\/wp-json\/wp\/v2\/pages\/176\/revisions"}],"predecessor-version":[{"id":1155,"href":"https:\/\/littleshoppingcart.com\/en\/wp-json\/wp\/v2\/pages\/176\/revisions\/1155"}],"wp:attachment":[{"href":"https:\/\/littleshoppingcart.com\/en\/wp-json\/wp\/v2\/media?parent=176"}],"curies":[{"name":"wp","href":"https:\/\/api.w.org\/{rel}","templated":true}]}}