{"id":184,"date":"2022-10-21T20:37:07","date_gmt":"2022-10-21T20:37:07","guid":{"rendered":"https:\/\/littleshoppingcart.com\/?page_id=184"},"modified":"2022-10-28T15:05:26","modified_gmt":"2022-10-28T15:05:26","slug":"politica-de-cambios-y-reembolsos","status":"publish","type":"page","link":"https:\/\/littleshoppingcart.com\/en\/policy-changes-and-refunds\/","title":{"rendered":"Politica de Cambios y Reembolsos"},"content":{"rendered":"<div data-elementor-type=\"wp-page\" data-elementor-id=\"184\" class=\"elementor elementor-184\" data-elementor-post-type=\"page\">\n\t\t\t\t\t\t<section class=\"elementor-section elementor-top-section elementor-element elementor-element-bffe546 elementor-section-boxed elementor-section-height-default elementor-section-height-default\" data-id=\"bffe546\" data-element_type=\"section\">\n\t\t\t\t\t\t<div class=\"elementor-container elementor-column-gap-default\">\n\t\t\t\t\t<div class=\"elementor-column elementor-col-100 elementor-top-column elementor-element elementor-element-500cc8a\" data-id=\"500cc8a\" data-element_type=\"column\">\n\t\t\t<div class=\"elementor-widget-wrap elementor-element-populated\">\n\t\t\t\t\t\t<div class=\"elementor-element elementor-element-91e6413 elementor-widget elementor-widget-spacer\" data-id=\"91e6413\" data-element_type=\"widget\" data-widget_type=\"spacer.default\">\n\t\t\t\t<div class=\"elementor-widget-container\">\n\t\t\t\t\t\t\t<div class=\"elementor-spacer\">\n\t\t\t<div class=\"elementor-spacer-inner\"><\/div>\n\t\t<\/div>\n\t\t\t\t\t\t<\/div>\n\t\t\t\t<\/div>\n\t\t\t\t<div class=\"elementor-element elementor-element-4ac5adb elementor-widget elementor-widget-heading\" data-id=\"4ac5adb\" data-element_type=\"widget\" data-widget_type=\"heading.default\">\n\t\t\t\t<div class=\"elementor-widget-container\">\n\t\t\t\t\t<h2 class=\"elementor-heading-title elementor-size-default\">POLICY CHANGES AND REFUNDS<\/h2>\t\t\t\t<\/div>\n\t\t\t\t<\/div>\n\t\t\t\t<div class=\"elementor-element elementor-element-818777b elementor-widget elementor-widget-text-editor\" data-id=\"818777b\" data-element_type=\"widget\" data-widget_type=\"text-editor.default\">\n\t\t\t\t<div class=\"elementor-widget-container\">\n\t\t\t\t\t\t\t\t\t<p><strong>RETURNS<\/strong><\/p><p>Our refunds policy lasts 30 days. If 30 days have gone by since your purchase, unfortunately, we\ncan\u2019t offer you a refund or exchange.<\/p><p>To be eligible for a return, your item must be unused and in the same condition that you received it.\nIt must also be in the original packaging.<\/p><p>Several types of goods are exempt from being returned. Perishable goods such as food, flowers,\nnewspapers or magazines cannot be returned. We also do not accept products that are intimate or\nsanitary goods, hazardous materials, or flammable liquids or gases.<\/p><p>Examples of additional non-returnable items:<\/p><p>Face Shields<\/p><p>Disposable Face Mask<\/p><p>Wipes Pouches<\/p><p>Some health and personal care items<\/p><p>To complete your return, we require a receipt or proof of purchase.<\/p><p>Please do not send your purchase back to the manufacturer.<\/p><p>There are certain situations where only partial refunds are granted: (if applicable)<\/p><p>Book with obvious signs of use<\/p><p>CD, DVD, VHS tape, software, video game, cassette tape, or vinyl record that has been opened.<\/p><p>Any item not in its original condition, is damaged or missing parts for reasons not due to our error.<\/p><p>Any item that is returned more than 30 days after delivery<\/p><p><strong>REFUNDS (if applicable)<\/strong><\/p><p>Once your return is received and inspected, we will send you an email to notify you that we have\nreceived your returned item. We will also notify you of the approval or rejection of your refund.<\/p><p>If you are approved, then your refund will be processed, and a credit will automatically be applied to\nyour credit card or original method of payment, within a certain amount of days.<\/p><p>If you have any questions or concerns, please contact us by clicking here:\nsupport@littleshoppingcart.com.<\/p><p><strong>LATE OR MISSING REFUNDS (if applicable)<\/strong><\/p><p>If you haven\u2019t received a refund yet; first check your bank account again. Then contact your credit\ncard company, it may take some time before your refund is officially posted. Next, contact your\nbank. There is often some processing time before a refund is posted.<\/p><p>If you\u2019ve done all of this and you still have not received your refund yet, please contact us at\nsupport@littleshoppingcart.com.<\/p><p><strong>SALE ITEMS (if applicable)<\/strong><\/p><p>Only regular priced items may be refunded, unfortunately sale items cannot be refunded.<\/p><p><strong>EXCHANGES (if applicable)<\/strong><\/p><p>We only replace items if they are defective or damaged. If you need to exchange it for the same\nitem, send us an email at support@littleshoppingcart.com and send your item to:<\/p><p>HOMERO 229 MASTER SUITE 4 PRIVADO 1 POLANCO V SECCI\u00d3N MIGUEL HIDALGO, CIUDAD DE\nM\u00c9XICO<\/p><p><strong>GIFTS<\/strong><\/p><p>If the item was marked as a gift when purchased and shipped directly to you, you\u2019ll receive a gift\ncredit for the value of your return. Once the returned item is received, a gift certificate will be\nmailed to you.<\/p><p>If the item wasn\u2019t marked as a gift when purchased, or the gift giver had the order shipped to\nthemselves to give to you later, we will send a refund to the gift giver and he will find out about your\nreturn.<\/p><p><strong>SHIPPING<\/strong><\/p><p>To return your product, you should mail your product to:<\/p><p>HOMERO 229 MASTER SUITE 4 PRIVADO 1 POLANCO V SECCI\u00d3N MIGUEL HIDALGO, CIUDAD DE\nM\u00c9XICO<\/p><p>You will be responsible for paying for your own shipping costs for returning your item. Shipping\ncosts are non-refundable. If you receive a refund, the cost of return shipping will be deducted from\nyour refund.<\/p><p>Depending on where you live, the time it may take for your exchanged product to reach you, may\nvary.<\/p><p>If you are shipping an item over $75, you should consider using a trackable shipping service or\npurchasing shipping insurance. We don\u2019t guarantee that we will receive your returned item.<\/p><p class=\"p1\">Phone Number 1 800 685 6409<\/p><p class=\"p1\">Location Av. Homero # 229, Master Suite 4 Priv. 1, Col. Polanco V Section<\/p>\t\t\t\t\t\t\t\t<\/div>\n\t\t\t\t<\/div>\n\t\t\t\t\t<\/div>\n\t\t<\/div>\n\t\t\t\t\t<\/div>\n\t\t<\/section>\n\t\t\t\t<\/div>","protected":false},"excerpt":{"rendered":"<p>POL\u00cdTICA DE CAMBIOS Y REEMBOLSOS DEVOLUCIONES Nuestra pol\u00edtica de reembolsos tiene una duraci\u00f3n de 30 d\u00edas. Si han pasado 30 d\u00edas desde su compra, desafortunadamente, no podemos ofrecerle un reembolso o cambio. Para ser elegible para una devoluci\u00f3n, su art\u00edculo debe estar sin usar y en las mismas condiciones en que lo recibi\u00f3. Tambi\u00e9n debe [&hellip;]<\/p>","protected":false},"author":3,"featured_media":0,"parent":0,"menu_order":0,"comment_status":"closed","ping_status":"closed","template":"elementor_header_footer","meta":{"footnotes":""},"class_list":["post-184","page","type-page","status-publish","hentry"],"_links":{"self":[{"href":"https:\/\/littleshoppingcart.com\/en\/wp-json\/wp\/v2\/pages\/184","targetHints":{"allow":["GET"]}}],"collection":[{"href":"https:\/\/littleshoppingcart.com\/en\/wp-json\/wp\/v2\/pages"}],"about":[{"href":"https:\/\/littleshoppingcart.com\/en\/wp-json\/wp\/v2\/types\/page"}],"author":[{"embeddable":true,"href":"https:\/\/littleshoppingcart.com\/en\/wp-json\/wp\/v2\/users\/3"}],"replies":[{"embeddable":true,"href":"https:\/\/littleshoppingcart.com\/en\/wp-json\/wp\/v2\/comments?post=184"}],"version-history":[{"count":19,"href":"https:\/\/littleshoppingcart.com\/en\/wp-json\/wp\/v2\/pages\/184\/revisions"}],"predecessor-version":[{"id":1116,"href":"https:\/\/littleshoppingcart.com\/en\/wp-json\/wp\/v2\/pages\/184\/revisions\/1116"}],"wp:attachment":[{"href":"https:\/\/littleshoppingcart.com\/en\/wp-json\/wp\/v2\/media?parent=184"}],"curies":[{"name":"wp","href":"https:\/\/api.w.org\/{rel}","templated":true}]}}