{"id":198,"date":"2022-10-21T20:41:07","date_gmt":"2022-10-21T20:41:07","guid":{"rendered":"https:\/\/littleshoppingcart.com\/?page_id=198"},"modified":"2022-10-28T17:58:57","modified_gmt":"2022-10-28T17:58:57","slug":"politicas-de-privacidad-y-seguridad","status":"publish","type":"page","link":"https:\/\/littleshoppingcart.com\/en\/privacy-and-security-policies\/","title":{"rendered":"PRIVACY AND SECURITY POLICIES"},"content":{"rendered":"<style>\/*! elementor - v3.7.8 - 02-10-2022 *\/<br \/>\n.elementor-column .elementor-spacer-inner{height:var(--spacer-size)}.e-container{--container-widget-width:100%}.e-container>.elementor-widget-spacer{width:var(--container-widget-width,var(--spacer-size));-ms-flex-item-align:stretch;align-self:stretch;-ms-flex-negative:0;flex-shrink:0}.e-container>.elementor-widget-spacer>.elementor-widget-container,.e-container>.elementor-widget-spacer>.elementor-widget-container>.elementor-spacer{height:100%}.e-container>.elementor-widget-spacer>.elementor-widget-container>.elementor-spacer>.elementor-spacer-inner{height:var(--container-widget-height,var(--spacer-size))}<\/style>\n<style>\/*! elementor - v3.7.8 - 02-10-2022 *\/<br \/>\n.elementor-heading-title{padding:0;margin:0;line-height:1}.elementor-widget-heading .elementor-heading-title[class*=elementor-size-]>a{color:inherit;font-size:inherit;line-height:inherit}.elementor-widget-heading .elementor-heading-title.elementor-size-small{font-size:15px}.elementor-widget-heading .elementor-heading-title.elementor-size-medium{font-size:19px}.elementor-widget-heading .elementor-heading-title.elementor-size-large{font-size:29px}.elementor-widget-heading .elementor-heading-title.elementor-size-xl{font-size:39px}.elementor-widget-heading .elementor-heading-title.elementor-size-xxl{font-size:59px}<\/style>\n<h2>PRIVACY AND SECURITY POLICIES<\/h2>\n<p>RAXIS ANUNCIOS PUBLICITARIOS SA DE CV (the \u201cData Controller\u201d), incorporated under the laws of\nM\u00e9xico, with address at Homero 229 Master Suite 4 Privado 1 Polanco V Secci\u00f3n Miguel Hidalgo,\nCiudad de M\u00e9xico (hereinafter \u201clittleshoppingcart.com\u201d) is responsible for the confidentiality, use\nand protection of the personal data that you may provide us through different means we use for the\nsale of our products. Thus, your personal data shall be used for identification purposes in any type of\nlegal relationship or in any sale and purchase of offered goods, for the delivery of the acquired\ngoods, sending our promotions and inviting you to participate in events, contests and sweepstakes\nand for marketing and trade prospection purposes. For the above-mentioned purposes, we may\nrequest you the following data: name, address, telephone, e-mail, date and place of birth, sex,\nnationality and age.<\/p>\n<p>At Little Shopping Cart, we care for your security, so we think on all the tools you may require so that\nin each transaction you make from our Website, an SSL certificate will support you.<\/p>\n<p>Access, Rectification, Cancellation and Opposition Rights (\u201cARCO Rights\u201d) of the Data and Monetary\nRights Subject:<\/p>\n<p>You have the right to access, rectify, cancel, oppose or limit, at any time, the use or disclosure of\nyour personal and monetary data. For such purpose, you shall send an e-mail to the following\naddress: support@littleshoppingcart.com. <a href=\"mailto:support@littleshoppingcart.com\">support@littleshoppingcart.com<\/a>.<\/p>\n<p>Transfer of Personal and Monetary Data to Third Parties:<\/p>\n<p>Based on the type of business carried out by the Data Controller, you agree that the amount of the\nconsideration for the services and goods offered by the Data Controller has been determined under\nthe assumption that, to the extent permitted by the applicable law, the collected personal and\nmonetary data will be eventually shared by the Data Controller with its Business Partners (as defined\nbelow) (each of them will be hereinafter referred to as the \u201cReceiver\u201d) so that such Receiver will: (i)\nanswer the information requests; (ii) sell the products or services; (iii) provide any type of services\nrelated to the business or contractual relationship between you and the Data Controller and\/or\nbetween you and the Receiver, including, but not limited to, the offering of products and services;\n(iv) attend claims, inquiries or comments; (v) send notifications, notices or advertisement on goods\nand\/or services as permitted by the applicable law; and (vi) create databases for statistical purposes\nand to carry out estimates, as well as to make plans, policies and personalized advisories so as to\nprovide a better service.<\/p>\n<p>The Data Controller may keep your personal data in the databases located within or outside Mexico\nduring the term set forth in the Law and\/or during the effective term of the services to be provided\nto you and\/or during the effective term of the business or contractual relationship agreement\nbetween you and the Data Controller.<\/p>\n<p>Except for the situations contemplated in this Privacy Notice and those set forth in Article 37 of the\nLaw, the Data Controller agrees not to transfer to any third party, without your consent, any of your\npersonal and monetary data.<\/p>\n<p>Changes to the Privacy Notice:<\/p>\n<p>The Data Controller reserves the right to change the terms and conditions of this Privacy Notice, by\ngiving a notice through any of the means deemed more appropriate (e-mail, direct communication,\nWeb page, among others). The Privacy Notice in effect will be available from time to time for\nconsultation in the following electronic address: www.littleshoppingcart.<\/p>\n<p>This Privacy Notice and the processing of the personal and monetary data are governed by the Law\nand all other applicable laws and regulations of Mexico. The lack of opposition to this Privacy\nNotice, once it has been made available to you, means, unless the exceptions set forth in this Privacy\nNotice for the restrictions of your monetary data, the express and written acceptance of its terms\nand the express submission to the competent courts of Mexico City, Federal District for any dispute\nor claim arising from this Privacy Notice.<\/p>\n<p>Phone Number 1 800 685 6409<\/p>\n<p>Location Av. Homero # 229, Master Suite 4 Priv. 1, Col. Polanco V Section<\/p>","protected":false},"excerpt":{"rendered":"<p>POLITICAS DE PRIVACIDAD Y SEGURIDAD RAXIS ANUNCIOS PUBLICITARIOS SA DE CV (el \u201cControlador de Datos\u201d), constituida bajo las leyes de M\u00e9xico, con domicilio en Homero 229 Master Suite 4 Privado 1 Polanco V Secci\u00f3n Miguel Hidalgo, Ciudad de M\u00e9xico (en adelante \u201clittleshoppingcart.com\u201d) es responsable por la confidencialidad, uso y protecci\u00f3n de los datos personales que [&hellip;]<\/p>","protected":false},"author":3,"featured_media":0,"parent":0,"menu_order":0,"comment_status":"closed","ping_status":"closed","template":"elementor_header_footer","meta":{"footnotes":""},"class_list":["post-198","page","type-page","status-publish","hentry"],"_links":{"self":[{"href":"https:\/\/littleshoppingcart.com\/en\/wp-json\/wp\/v2\/pages\/198","targetHints":{"allow":["GET"]}}],"collection":[{"href":"https:\/\/littleshoppingcart.com\/en\/wp-json\/wp\/v2\/pages"}],"about":[{"href":"https:\/\/littleshoppingcart.com\/en\/wp-json\/wp\/v2\/types\/page"}],"author":[{"embeddable":true,"href":"https:\/\/littleshoppingcart.com\/en\/wp-json\/wp\/v2\/users\/3"}],"replies":[{"embeddable":true,"href":"https:\/\/littleshoppingcart.com\/en\/wp-json\/wp\/v2\/comments?post=198"}],"version-history":[{"count":11,"href":"https:\/\/littleshoppingcart.com\/en\/wp-json\/wp\/v2\/pages\/198\/revisions"}],"predecessor-version":[{"id":1154,"href":"https:\/\/littleshoppingcart.com\/en\/wp-json\/wp\/v2\/pages\/198\/revisions\/1154"}],"wp:attachment":[{"href":"https:\/\/littleshoppingcart.com\/en\/wp-json\/wp\/v2\/media?parent=198"}],"curies":[{"name":"wp","href":"https:\/\/api.w.org\/{rel}","templated":true}]}}