{"id":96,"date":"2022-10-20T22:56:11","date_gmt":"2022-10-20T22:56:11","guid":{"rendered":"https:\/\/littleshoppingcart.com\/?page_id=96"},"modified":"2022-10-25T01:01:42","modified_gmt":"2022-10-25T01:01:42","slug":"sobre-nosotros","status":"publish","type":"page","link":"https:\/\/littleshoppingcart.com\/en\/about-us\/","title":{"rendered":"About Us"},"content":{"rendered":"<div data-elementor-type=\"wp-page\" data-elementor-id=\"96\" class=\"elementor elementor-96\" data-elementor-post-type=\"page\">\n\t\t\t\t\t\t<section class=\"elementor-section elementor-top-section elementor-element elementor-element-2b01f267 elementor-section-boxed elementor-section-height-default elementor-section-height-default\" data-id=\"2b01f267\" data-element_type=\"section\" data-settings=\"{&quot;background_background&quot;:&quot;classic&quot;}\">\n\t\t\t\t\t\t\t<div class=\"elementor-background-overlay\"><\/div>\n\t\t\t\t\t\t\t<div class=\"elementor-container elementor-column-gap-default\">\n\t\t\t\t\t<div class=\"elementor-column elementor-col-100 elementor-top-column elementor-element elementor-element-11a05a5d\" data-id=\"11a05a5d\" data-element_type=\"column\">\n\t\t\t<div class=\"elementor-widget-wrap elementor-element-populated\">\n\t\t\t\t\t\t<div class=\"elementor-element elementor-element-26692114 elementor-invisible elementor-widget elementor-widget-heading\" data-id=\"26692114\" data-element_type=\"widget\" data-settings=\"{&quot;_animation&quot;:&quot;zoomIn&quot;}\" data-widget_type=\"heading.default\">\n\t\t\t\t<div class=\"elementor-widget-container\">\n\t\t\t\t\t<h1 class=\"elementor-heading-title elementor-size-default\">About Us<\/h1>\t\t\t\t<\/div>\n\t\t\t\t<\/div>\n\t\t\t\t<section class=\"elementor-section elementor-inner-section elementor-element elementor-element-20c9ab61 elementor-section-full_width elementor-section-height-default elementor-section-height-default\" data-id=\"20c9ab61\" data-element_type=\"section\">\n\t\t\t\t\t\t<div class=\"elementor-container elementor-column-gap-default\">\n\t\t\t\t\t<div class=\"elementor-column elementor-col-50 elementor-inner-column elementor-element elementor-element-4610d540\" data-id=\"4610d540\" data-element_type=\"column\">\n\t\t\t<div class=\"elementor-widget-wrap\">\n\t\t\t\t\t\t\t<\/div>\n\t\t<\/div>\n\t\t\t\t<div class=\"elementor-column elementor-col-50 elementor-inner-column elementor-element elementor-element-2ddb6794\" data-id=\"2ddb6794\" data-element_type=\"column\">\n\t\t\t<div class=\"elementor-widget-wrap\">\n\t\t\t\t\t\t\t<\/div>\n\t\t<\/div>\n\t\t\t\t\t<\/div>\n\t\t<\/section>\n\t\t\t\t\t<\/div>\n\t\t<\/div>\n\t\t\t\t\t<\/div>\n\t\t<\/section>\n\t\t\t\t<section class=\"elementor-section elementor-top-section elementor-element elementor-element-33d719b7 elementor-section-boxed elementor-section-height-default elementor-section-height-default\" data-id=\"33d719b7\" data-element_type=\"section\">\n\t\t\t\t\t\t<div class=\"elementor-container elementor-column-gap-default\">\n\t\t\t\t\t<div class=\"elementor-column elementor-col-100 elementor-top-column elementor-element elementor-element-299243c8\" data-id=\"299243c8\" data-element_type=\"column\">\n\t\t\t<div class=\"elementor-widget-wrap elementor-element-populated\">\n\t\t\t\t\t\t<section class=\"elementor-section elementor-inner-section elementor-element elementor-element-2803a62a elementor-section-boxed elementor-section-height-default elementor-section-height-default\" data-id=\"2803a62a\" data-element_type=\"section\">\n\t\t\t\t\t\t<div class=\"elementor-container elementor-column-gap-default\">\n\t\t\t\t\t<div class=\"elementor-column elementor-col-50 elementor-inner-column elementor-element elementor-element-15abe9c\" data-id=\"15abe9c\" data-element_type=\"column\">\n\t\t\t<div class=\"elementor-widget-wrap elementor-element-populated\">\n\t\t\t\t\t\t<div class=\"elementor-element elementor-element-1deee0c1 elementor-widget elementor-widget-image\" data-id=\"1deee0c1\" data-element_type=\"widget\" data-widget_type=\"image.default\">\n\t\t\t\t<div class=\"elementor-widget-container\">\n\t\t\t\t\t\t\t\t\t\t\t\t\t\t\t<img fetchpriority=\"high\" decoding=\"async\" width=\"600\" height=\"600\" src=\"https:\/\/littleshoppingcart.com\/wp-content\/uploads\/2022\/10\/1-3.png\" class=\"attachment-large size-large wp-image-717\" alt=\"\" srcset=\"https:\/\/littleshoppingcart.com\/wp-content\/uploads\/2022\/10\/1-3.png 600w, https:\/\/littleshoppingcart.com\/wp-content\/uploads\/2022\/10\/1-3-300x300.png 300w, https:\/\/littleshoppingcart.com\/wp-content\/uploads\/2022\/10\/1-3-150x150.png 150w, https:\/\/littleshoppingcart.com\/wp-content\/uploads\/2022\/10\/1-3-12x12.png 12w, https:\/\/littleshoppingcart.com\/wp-content\/uploads\/2022\/10\/1-3-100x100.png 100w\" sizes=\"(max-width: 600px) 100vw, 600px\" \/>\t\t\t\t\t\t\t\t\t\t\t\t\t\t\t<\/div>\n\t\t\t\t<\/div>\n\t\t\t\t<div class=\"elementor-element elementor-element-2b2095ea elementor-widget__width-initial elementor-widget-tablet__width-initial elementor-absolute elementor-widget elementor-widget-image\" data-id=\"2b2095ea\" data-element_type=\"widget\" data-settings=\"{&quot;motion_fx_motion_fx_scrolling&quot;:&quot;yes&quot;,&quot;motion_fx_translateY_effect&quot;:&quot;yes&quot;,&quot;motion_fx_translateY_speed&quot;:{&quot;unit&quot;:&quot;px&quot;,&quot;size&quot;:3,&quot;sizes&quot;:[]},&quot;_position&quot;:&quot;absolute&quot;,&quot;motion_fx_translateY_affectedRange&quot;:{&quot;unit&quot;:&quot;%&quot;,&quot;size&quot;:&quot;&quot;,&quot;sizes&quot;:{&quot;start&quot;:0,&quot;end&quot;:100}},&quot;motion_fx_devices&quot;:[&quot;desktop&quot;,&quot;tablet&quot;,&quot;mobile&quot;]}\" data-widget_type=\"image.default\">\n\t\t\t\t<div class=\"elementor-widget-container\">\n\t\t\t\t\t\t\t\t\t\t\t\t\t\t\t<img decoding=\"async\" width=\"300\" height=\"300\" src=\"https:\/\/littleshoppingcart.com\/wp-content\/uploads\/2022\/10\/2-3-300x300.png\" class=\"attachment-medium size-medium wp-image-718\" alt=\"\" srcset=\"https:\/\/littleshoppingcart.com\/wp-content\/uploads\/2022\/10\/2-3-300x300.png 300w, https:\/\/littleshoppingcart.com\/wp-content\/uploads\/2022\/10\/2-3-150x150.png 150w, https:\/\/littleshoppingcart.com\/wp-content\/uploads\/2022\/10\/2-3-12x12.png 12w, https:\/\/littleshoppingcart.com\/wp-content\/uploads\/2022\/10\/2-3-100x100.png 100w, https:\/\/littleshoppingcart.com\/wp-content\/uploads\/2022\/10\/2-3.png 600w\" sizes=\"(max-width: 300px) 100vw, 300px\" \/>\t\t\t\t\t\t\t\t\t\t\t\t\t\t\t<\/div>\n\t\t\t\t<\/div>\n\t\t\t\t\t<\/div>\n\t\t<\/div>\n\t\t\t\t<div class=\"elementor-column elementor-col-50 elementor-inner-column elementor-element elementor-element-2c1ead30\" data-id=\"2c1ead30\" data-element_type=\"column\">\n\t\t\t<div class=\"elementor-widget-wrap elementor-element-populated\">\n\t\t\t\t\t\t<div class=\"elementor-element elementor-element-43c7b393 elementor-widget elementor-widget-text-editor\" data-id=\"43c7b393\" data-element_type=\"widget\" data-widget_type=\"text-editor.default\">\n\t\t\t\t<div class=\"elementor-widget-container\">\n\t\t\t\t\t\t\t\t\t<p>Little Shopping Cart is a leading supplier of marketing and promotional items and the textile line.  We offer a wide range of high-quality products that meet exacting standards, ready to impress you and your customers.<\/p>\t\t\t\t\t\t\t\t<\/div>\n\t\t\t\t<\/div>\n\t\t\t\t<div class=\"elementor-element elementor-element-1cec97db elementor-widget elementor-widget-text-editor\" data-id=\"1cec97db\" data-element_type=\"widget\" data-widget_type=\"text-editor.default\">\n\t\t\t\t<div class=\"elementor-widget-container\">\n\t\t\t\t\t\t\t\t\t<p>We specialize in the latest trends and developments in the industry.   In addition to our promotional offerings, we also have corporate uniform apparel such as dress shirts, jackets, etc. in a wide variety of models, fabrics and colors.<br \/><br \/>Our customer service policy is dedicated to providing 100% satisfaction of our customers.  We care about providing timely responses to the commitments made and under negotiation.<br \/><br \/>We appreciate your having chosen us and look forward to showing you why our quality and competitive prices make us the leader in the market.<\/p>\t\t\t\t\t\t\t\t<\/div>\n\t\t\t\t<\/div>\n\t\t\t\t\t<\/div>\n\t\t<\/div>\n\t\t\t\t\t<\/div>\n\t\t<\/section>\n\t\t\t\t\t<\/div>\n\t\t<\/div>\n\t\t\t\t\t<\/div>\n\t\t<\/section>\n\t\t\t\t<section class=\"elementor-section elementor-top-section elementor-element elementor-element-21e19f2 elementor-section-boxed elementor-section-height-default elementor-section-height-default\" data-id=\"21e19f2\" data-element_type=\"section\" data-settings=\"{&quot;background_background&quot;:&quot;classic&quot;}\">\n\t\t\t\t\t\t\t<div class=\"elementor-background-overlay\"><\/div>\n\t\t\t\t\t\t\t<div class=\"elementor-container elementor-column-gap-default\">\n\t\t\t\t\t<div class=\"elementor-column elementor-col-100 elementor-top-column elementor-element elementor-element-0393783\" data-id=\"0393783\" data-element_type=\"column\">\n\t\t\t<div class=\"elementor-widget-wrap elementor-element-populated\">\n\t\t\t\t\t\t<div class=\"elementor-element elementor-element-33db8d9c elementor-invisible elementor-widget elementor-widget-heading\" data-id=\"33db8d9c\" data-element_type=\"widget\" data-settings=\"{&quot;_animation&quot;:&quot;zoomIn&quot;}\" data-widget_type=\"heading.default\">\n\t\t\t\t<div class=\"elementor-widget-container\">\n\t\t\t\t\t<h2 class=\"elementor-heading-title elementor-size-xxl\">Why Choose Little Shopping Cart<\/h2>\t\t\t\t<\/div>\n\t\t\t\t<\/div>\n\t\t\t\t<div class=\"elementor-element elementor-element-25f86564 elementor-widget elementor-widget-heading\" data-id=\"25f86564\" data-element_type=\"widget\" data-widget_type=\"heading.default\">\n\t\t\t\t<div class=\"elementor-widget-container\">\n\t\t\t\t\t<p class=\"elementor-heading-title elementor-size-default\">We offer a competitive and ethical pricing structure, with innovation at the heart of our business.  We can provide price quotes in less than 24 hours and always adhere to our delivery commitments.  Expert advisors give us the ability to tailor solutions specific to the customer\u2019s goals, and the quality of our offerings is unparalleled.  In everything we do, customer satisfaction is our priority.  If you\u2019re not satisfied with any order, we will make it right or make it free.<\/p>\t\t\t\t<\/div>\n\t\t\t\t<\/div>\n\t\t\t\t\t<\/div>\n\t\t<\/div>\n\t\t\t\t\t<\/div>\n\t\t<\/section>\n\t\t\t\t<\/div>","protected":false},"excerpt":{"rendered":"<p>Sobre Nosotros Little Shopping Cart es un proveedor l\u00edder de art\u00edculos de marketing y promoci\u00f3n y la l\u00ednea textil. Ofrecemos una amplia gama de productos de alta calidad que cumplen con los est\u00e1ndares m\u00e1s exigentes, listos para impresionarlo a usted y a sus clientes. Nos especializamos en las \u00faltimas tendencias y desarrollos de la industria. [&hellip;]<\/p>","protected":false},"author":3,"featured_media":0,"parent":0,"menu_order":0,"comment_status":"closed","ping_status":"closed","template":"elementor_header_footer","meta":{"footnotes":""},"class_list":["post-96","page","type-page","status-publish","hentry"],"_links":{"self":[{"href":"https:\/\/littleshoppingcart.com\/en\/wp-json\/wp\/v2\/pages\/96","targetHints":{"allow":["GET"]}}],"collection":[{"href":"https:\/\/littleshoppingcart.com\/en\/wp-json\/wp\/v2\/pages"}],"about":[{"href":"https:\/\/littleshoppingcart.com\/en\/wp-json\/wp\/v2\/types\/page"}],"author":[{"embeddable":true,"href":"https:\/\/littleshoppingcart.com\/en\/wp-json\/wp\/v2\/users\/3"}],"replies":[{"embeddable":true,"href":"https:\/\/littleshoppingcart.com\/en\/wp-json\/wp\/v2\/comments?post=96"}],"version-history":[{"count":82,"href":"https:\/\/littleshoppingcart.com\/en\/wp-json\/wp\/v2\/pages\/96\/revisions"}],"predecessor-version":[{"id":922,"href":"https:\/\/littleshoppingcart.com\/en\/wp-json\/wp\/v2\/pages\/96\/revisions\/922"}],"wp:attachment":[{"href":"https:\/\/littleshoppingcart.com\/en\/wp-json\/wp\/v2\/media?parent=96"}],"curies":[{"name":"wp","href":"https:\/\/api.w.org\/{rel}","templated":true}]}}